{"id":3400,"date":"2021-03-29T16:14:09","date_gmt":"2021-03-29T14:14:09","guid":{"rendered":"https:\/\/www.location-vacances-calvi.com\/was-tun-in-calvi\/"},"modified":"2021-04-22T15:14:05","modified_gmt":"2021-04-22T13:14:05","slug":"was-tun-in-calvi","status":"publish","type":"page","link":"https:\/\/www.location-vacances-calvi.com\/de\/was-tun-in-calvi\/","title":{"rendered":"Was tun in Calvi?"},"content":{"rendered":"\t\t<div data-elementor-type=\"wp-page\" data-elementor-id=\"3400\" class=\"elementor elementor-3400 elementor-332\" data-elementor-post-type=\"page\">\n\t\t\t\t\t\t<section class=\"elementor-section elementor-top-section elementor-element elementor-element-31ef26ab elementor-section-stretched elementor-section-boxed elementor-section-height-default elementor-section-height-default\" data-id=\"31ef26ab\" data-element_type=\"section\" data-settings=\"{&quot;stretch_section&quot;:&quot;section-stretched&quot;,&quot;background_background&quot;:&quot;classic&quot;}\">\n\t\t\t\t\t\t<div class=\"elementor-container elementor-column-gap-default\">\n\t\t\t\t\t<div class=\"elementor-column elementor-col-100 elementor-top-column elementor-element elementor-element-5440aff4\" data-id=\"5440aff4\" data-element_type=\"column\">\n\t\t\t<div class=\"elementor-widget-wrap elementor-element-populated\">\n\t\t\t\t\t\t<div class=\"elementor-element elementor-element-6e1235fa elementor-widget elementor-widget-heading\" data-id=\"6e1235fa\" data-element_type=\"widget\" data-widget_type=\"heading.default\">\n\t\t\t\t<div class=\"elementor-widget-container\">\n\t\t\t\t\t<h1 class=\"elementor-heading-title elementor-size-default\">Was tun in Calvi?<\/h1>\t\t\t\t<\/div>\n\t\t\t\t<\/div>\n\t\t\t\t\t<\/div>\n\t\t<\/div>\n\t\t\t\t\t<\/div>\n\t\t<\/section>\n\t\t\t\t<section class=\"elementor-section elementor-top-section elementor-element elementor-element-79ab74f5 elementor-section-boxed elementor-section-height-default elementor-section-height-default\" data-id=\"79ab74f5\" data-element_type=\"section\" data-settings=\"{&quot;background_background&quot;:&quot;classic&quot;}\">\n\t\t\t\t\t\t<div class=\"elementor-container elementor-column-gap-default\">\n\t\t\t\t\t\t<\/div>\n\t\t<\/section>\n\t\t\t\t<section class=\"elementor-section elementor-top-section elementor-element elementor-element-34a8cf4d elementor-section-stretched elementor-section-boxed elementor-section-height-default elementor-section-height-default\" data-id=\"34a8cf4d\" data-element_type=\"section\" data-settings=\"{&quot;stretch_section&quot;:&quot;section-stretched&quot;,&quot;background_background&quot;:&quot;classic&quot;}\">\n\t\t\t\t\t\t<div class=\"elementor-container elementor-column-gap-default\">\n\t\t\t\t\t<div class=\"elementor-column elementor-col-16 elementor-top-column elementor-element elementor-element-1c342c76\" data-id=\"1c342c76\" data-element_type=\"column\">\n\t\t\t<div class=\"elementor-widget-wrap elementor-element-populated\">\n\t\t\t\t\t\t\t<\/div>\n\t\t<\/div>\n\t\t\t\t<div class=\"elementor-column elementor-col-66 elementor-top-column elementor-element elementor-element-5d2af293\" data-id=\"5d2af293\" data-element_type=\"column\" data-settings=\"{&quot;background_background&quot;:&quot;classic&quot;}\">\n\t\t\t<div class=\"elementor-widget-wrap elementor-element-populated\">\n\t\t\t\t\t\t<div class=\"elementor-element elementor-element-33d8dec6 elementor-widget elementor-widget-text-editor\" data-id=\"33d8dec6\" data-element_type=\"widget\" data-widget_type=\"text-editor.default\">\n\t\t\t\t<div class=\"elementor-widget-container\">\n\t\t\t\t\t\t\t\t\t<p>Die Region von Calvi ist reich an Aktivit\u00e4ten, die Ihren Urlaub ausf\u00fcllen k\u00f6nnen. <br \/><strong>*Vor Ihrem Aufenthalt bitte \u00fcberpr\u00fcfen, Aktivit\u00e4ten k\u00f6nnen sich \u00e4ndern.<\/strong><\/p>\n\t\t\t\t\t\t\t\t<\/div>\n\t\t\t\t<\/div>\n\t\t\t\t<div class=\"elementor-element elementor-element-6f79e21e elementor-widget elementor-widget-toggle\" data-id=\"6f79e21e\" data-element_type=\"widget\" data-widget_type=\"toggle.default\">\n\t\t\t\t<div class=\"elementor-widget-container\">\n\t\t\t\t\t\t\t<div class=\"elementor-toggle\">\n\t\t\t\t\t\t\t<div class=\"elementor-toggle-item\">\n\t\t\t\t\t<h2 id=\"elementor-tab-title-1871\" class=\"elementor-tab-title\" data-tab=\"1\" role=\"button\" aria-controls=\"elementor-tab-content-1871\" aria-expanded=\"false\">\n\t\t\t\t\t\t\t\t\t\t\t\t<span class=\"elementor-toggle-icon elementor-toggle-icon-right\" aria-hidden=\"true\">\n\t\t\t\t\t\t\t\t\t\t\t\t\t\t\t<span class=\"elementor-toggle-icon-closed\"><i class=\"fas fa-caret-right\"><\/i><\/span>\n\t\t\t\t\t\t\t\t<span class=\"elementor-toggle-icon-opened\"><i class=\"elementor-toggle-icon-opened fas fa-caret-up\"><\/i><\/span>\n\t\t\t\t\t\t\t\t\t\t\t\t\t<\/span>\n\t\t\t\t\t\t\t\t\t\t\t\t<a class=\"elementor-toggle-title\" tabindex=\"0\">Aktivit\u00e4ten in der natur<\/a>\n\t\t\t\t\t<\/h2>\n\n\t\t\t\t\t<div id=\"elementor-tab-content-1871\" class=\"elementor-tab-content elementor-clearfix\" data-tab=\"1\" role=\"region\" aria-labelledby=\"elementor-tab-title-1871\"><\/li>\n<li>Schwimmen im Meer oder im Fluss (Fango, Bonifato&#8230;)\n<\/li>\n<li>Wandern (Wanderweg Tra Mare e Monti, GR 20&#8230;), Reiten, Quadfahren, 4\u00d74-Abenteuer, Radfahren, Elektrofahrrad, Mountainbiken&#8230;<br \/>\nStr\u00e4nde mit dem kleinen Zug der Balagne\n<\/li>\n<li>Entdeckung der Halbinsel Revellata, ein gesch\u00fctztes K\u00fcstengebiet, ein felsiges Vorgebirge, das von Str\u00e4nden und intimen, wilden Buchten ges\u00e4umt wird. Au\u00dferdem stellen die spektakul\u00e4ren Klippen ein einzigartiges mineralisches Element der Balagne dar\n<\/li>\n<li>Bootsfahrt zum Scandola-Reservat mit, je nach Ausflug, einem Stopp zum Schwimmen und Schnorcheln, um die Fische zu beobachten<br \/>\n<\/div>\n\t\t\t\t<\/div>\n\t\t\t\t\t\t\t<div class=\"elementor-toggle-item\">\n\t\t\t\t\t<h2 id=\"elementor-tab-title-1872\" class=\"elementor-tab-title\" data-tab=\"2\" role=\"button\" aria-controls=\"elementor-tab-content-1872\" aria-expanded=\"false\">\n\t\t\t\t\t\t\t\t\t\t\t\t<span class=\"elementor-toggle-icon elementor-toggle-icon-right\" aria-hidden=\"true\">\n\t\t\t\t\t\t\t\t\t\t\t\t\t\t\t<span class=\"elementor-toggle-icon-closed\"><i class=\"fas fa-caret-right\"><\/i><\/span>\n\t\t\t\t\t\t\t\t<span class=\"elementor-toggle-icon-opened\"><i class=\"elementor-toggle-icon-opened fas fa-caret-up\"><\/i><\/span>\n\t\t\t\t\t\t\t\t\t\t\t\t\t<\/span>\n\t\t\t\t\t\t\t\t\t\t\t\t<a class=\"elementor-toggle-title\" tabindex=\"0\">Kulturelle aktivit\u00e4ten<\/a>\n\t\t\t\t\t<\/h2>\n\n\t\t\t\t\t<div id=\"elementor-tab-content-1872\" class=\"elementor-tab-content elementor-clearfix\" data-tab=\"2\" role=\"region\" aria-labelledby=\"elementor-tab-title-1872\"><ul>\n<li>Gef\u00fchrte Besichtigung der Geb\u00e4ude der Stadt Calvi.<\/li>\n<li>Ausfl\u00fcge zu mehreren Zielen (Die f\u00fcnf Weltwunder, Corte, der Bonifato-Wald, die alten D\u00f6rfer,&#8230;)<\/li>\n<li>Besuch mit dem Boot zum Scandola-Reservat, das zum Unesco-Weltkulturerbe geh\u00f6rt&#8230;<\/li>\n<li>Seekajakfahren auf der M\u00fcndung des Fango (Galeria)<\/li>\n<li>Besuch der Orgeln der Balagne (Auto erforderlich)<\/li>\n<li>Der Weg der Sinne und der Weg der Handwerker<\/li>\n<\/ul>\n<\/div>\n\t\t\t\t<\/div>\n\t\t\t\t\t\t\t<div class=\"elementor-toggle-item\">\n\t\t\t\t\t<h2 id=\"elementor-tab-title-1873\" class=\"elementor-tab-title\" data-tab=\"3\" role=\"button\" aria-controls=\"elementor-tab-content-1873\" aria-expanded=\"false\">\n\t\t\t\t\t\t\t\t\t\t\t\t<span class=\"elementor-toggle-icon elementor-toggle-icon-right\" aria-hidden=\"true\">\n\t\t\t\t\t\t\t\t\t\t\t\t\t\t\t<span class=\"elementor-toggle-icon-closed\"><i class=\"fas fa-caret-right\"><\/i><\/span>\n\t\t\t\t\t\t\t\t<span class=\"elementor-toggle-icon-opened\"><i class=\"elementor-toggle-icon-opened fas fa-caret-up\"><\/i><\/span>\n\t\t\t\t\t\t\t\t\t\t\t\t\t<\/span>\n\t\t\t\t\t\t\t\t\t\t\t\t<a class=\"elementor-toggle-title\" tabindex=\"0\">Sport<\/a>\n\t\t\t\t\t<\/h2>\n\n\t\t\t\t\t<div id=\"elementor-tab-content-1873\" class=\"elementor-tab-content elementor-clearfix\" data-tab=\"3\" role=\"region\" aria-labelledby=\"elementor-tab-title-1873\"><ul>\n<li>Nautischer Club Balagne (Seekajak, Windsurfen, Katamaran, Optimist&#8230;)<\/li>\n<li>Sporttauchen<\/li>\n<li>Jetski<\/li>\n<li>Wasserski<\/li>\n<li>Unterwasserfischen<\/li>\n<li>K\u00fcstenfischerei<\/li>\n<li>Reiten<\/li>\n<li>Minigolf<\/li>\n<li>Tennis<\/li>\n<li>Gleitschirmfliegen<\/li>\n<li>Baumkletterkurs<\/li>\n<li>Mountainbike, Fahrrad, Elektrofahrrad<\/li>\n<li>Acqua vital, Bodybuilding, Aquagym, Spa, Hammam, Schwimmbad&#8230;<\/li>\n<\/ul>\n<\/div>\n\t\t\t\t<\/div>\n\t\t\t\t\t\t\t<div class=\"elementor-toggle-item\">\n\t\t\t\t\t<h2 id=\"elementor-tab-title-1874\" class=\"elementor-tab-title\" data-tab=\"4\" role=\"button\" aria-controls=\"elementor-tab-content-1874\" aria-expanded=\"false\">\n\t\t\t\t\t\t\t\t\t\t\t\t<span class=\"elementor-toggle-icon elementor-toggle-icon-right\" aria-hidden=\"true\">\n\t\t\t\t\t\t\t\t\t\t\t\t\t\t\t<span class=\"elementor-toggle-icon-closed\"><i class=\"fas fa-caret-right\"><\/i><\/span>\n\t\t\t\t\t\t\t\t<span class=\"elementor-toggle-icon-opened\"><i class=\"elementor-toggle-icon-opened fas fa-caret-up\"><\/i><\/span>\n\t\t\t\t\t\t\t\t\t\t\t\t\t<\/span>\n\t\t\t\t\t\t\t\t\t\t\t\t<a class=\"elementor-toggle-title\" tabindex=\"0\">Partytime<\/a>\n\t\t\t\t\t<\/h2>\n\n\t\t\t\t\t<div id=\"elementor-tab-content-1874\" class=\"elementor-tab-content elementor-clearfix\" data-tab=\"4\" role=\"region\" aria-labelledby=\"elementor-tab-title-1874\"><ul>\n<li>Mehrere Pianobars und Kabaretts in 1 km\/li&gt;<\/li>\n<li>Disco Camargue in 1,2 km<\/li>\n<\/ul><\/div>\n\t\t\t\t<\/div>\n\t\t\t\t\t\t\t<div class=\"elementor-toggle-item\">\n\t\t\t\t\t<h2 id=\"elementor-tab-title-1875\" class=\"elementor-tab-title\" data-tab=\"5\" role=\"button\" aria-controls=\"elementor-tab-content-1875\" aria-expanded=\"false\">\n\t\t\t\t\t\t\t\t\t\t\t\t<span class=\"elementor-toggle-icon elementor-toggle-icon-right\" aria-hidden=\"true\">\n\t\t\t\t\t\t\t\t\t\t\t\t\t\t\t<span class=\"elementor-toggle-icon-closed\"><i class=\"fas fa-caret-right\"><\/i><\/span>\n\t\t\t\t\t\t\t\t<span class=\"elementor-toggle-icon-opened\"><i class=\"elementor-toggle-icon-opened fas fa-caret-up\"><\/i><\/span>\n\t\t\t\t\t\t\t\t\t\t\t\t\t<\/span>\n\t\t\t\t\t\t\t\t\t\t\t\t<a class=\"elementor-toggle-title\" tabindex=\"0\">Veranstaltungen<\/a>\n\t\t\t\t\t<\/h2>\n\n\t\t\t\t\t<div id=\"elementor-tab-content-1875\" class=\"elementor-tab-content elementor-clearfix\" data-tab=\"5\" role=\"region\" aria-labelledby=\"elementor-tab-title-1875\"><ul>\n<li>Karfreitagsprozession (Granitula)<\/li>\n<li>Xtri-Triathlon (April\/Mai)<\/li>\n<li>Die Blaue Kreuzfahrt (Mai)<\/li>\n<li>Festival der drei Kulturen (Mai)<\/li>\n<li>Treffen f\u00fcr Zeitgen\u00f6ssische Kunst (Juni bis September)<\/li>\n<li>Festival \u201eCalvi on the Rock\u201c (Juli)<\/li>\n<li>Besuchen Sie die Olivenmesse in Montemaggiore<\/li>\n<li>Feuerwerk (15. August)<\/li>\n<li>Polyphone Konzerte im September<\/li>\n<li>Verschiedene musikalische Veranstaltungen in allen Balagne&#8230;<\/li>\n<\/ul>\n<\/div>\n\t\t\t\t<\/div>\n\t\t\t\t\t\t\t\t<\/div>\n\t\t\t\t\t\t<\/div>\n\t\t\t\t<\/div>\n\t\t\t\t<section class=\"elementor-section elementor-inner-section elementor-element elementor-element-788a9adc elementor-section-boxed elementor-section-height-default elementor-section-height-default\" data-id=\"788a9adc\" data-element_type=\"section\">\n\t\t\t\t\t\t<div class=\"elementor-container elementor-column-gap-default\">\n\t\t\t\t\t<div class=\"elementor-column elementor-col-100 elementor-inner-column elementor-element elementor-element-1fec7bd8\" data-id=\"1fec7bd8\" data-element_type=\"column\">\n\t\t\t<div class=\"elementor-widget-wrap elementor-element-populated\">\n\t\t\t\t\t\t<div class=\"elementor-element elementor-element-358f52bf elementor-widget elementor-widget-text-editor\" data-id=\"358f52bf\" data-element_type=\"widget\" data-widget_type=\"text-editor.default\">\n\t\t\t\t<div class=\"elementor-widget-container\">\n\t\t\t\t\t\t\t\t\t<p>F\u00fcr weitere Informationen \u00fcber touristische Aktivit\u00e4ten <br \/>wenden Sie sich bitte an das Tourismusb\u00fcro von Calvi <a href=\"tel:+00330495651667\">+0033 04 95 65 16 67<\/a><\/p>\n\t\t\t\t\t\t\t\t<\/div>\n\t\t\t\t<\/div>\n\t\t\t\t\t<\/div>\n\t\t<\/div>\n\t\t\t\t\t<\/div>\n\t\t<\/section>\n\t\t\t\t<div class=\"elementor-element elementor-element-f52249b elementor-align-center btn-secondary elementor-widget elementor-widget-button\" data-id=\"f52249b\" data-element_type=\"widget\" data-widget_type=\"button.default\">\n\t\t\t\t<div class=\"elementor-widget-container\">\n\t\t\t\t\t\t\t\t\t<div class=\"elementor-button-wrapper\">\n\t\t\t\t\t<a class=\"elementor-button elementor-button-link elementor-size-sm\" href=\"https:\/\/balagne-corsica.com\/office-tourisme-calvi\/\" target=\"_blank\">\n\t\t\t\t\t\t<span class=\"elementor-button-content-wrapper\">\n\t\t\t\t\t\t\t\t\t<span class=\"elementor-button-text\">siehe die Website<\/span>\n\t\t\t\t\t<\/span>\n\t\t\t\t\t<\/a>\n\t\t\t\t<\/div>\n\t\t\t\t\t\t\t\t<\/div>\n\t\t\t\t<\/div>\n\t\t\t\t\t<\/div>\n\t\t<\/div>\n\t\t\t\t<div class=\"elementor-column elementor-col-16 elementor-top-column elementor-element elementor-element-30fbbf55\" data-id=\"30fbbf55\" data-element_type=\"column\">\n\t\t\t<div class=\"elementor-widget-wrap\">\n\t\t\t\t\t\t\t<\/div>\n\t\t<\/div>\n\t\t\t\t\t<\/div>\n\t\t<\/section>\n\t\t\t\t<\/div>\n\t\t","protected":false},"excerpt":{"rendered":"<p>Was tun in Calvi? Die Region von Calvi ist reich an Aktivit\u00e4ten, die Ihren Urlaub ausf\u00fcllen k\u00f6nnen. *Vor Ihrem Aufenthalt bitte \u00fcberpr\u00fcfen, Aktivit\u00e4ten k\u00f6nnen sich \u00e4ndern.<span class=\"excerpt-hellip\"> [\u2026]<\/span><\/p>\n","protected":false},"author":1,"featured_media":0,"parent":0,"menu_order":0,"comment_status":"closed","ping_status":"closed","template":"","meta":{"_seopress_robots_primary_cat":"","_seopress_titles_title":"Was tun in Calvi? - Residenz Le Home** &amp; A Merula** in Calvi, Korsika","_seopress_titles_desc":"Die Region von Calvi ist reich an Aktivit\u00e4ten, die Ihren Urlaub ausf\u00fcllen k\u00f6nnen.\r\n","_seopress_robots_index":"","footnotes":""},"class_list":["post-3400","page","type-page","status-publish","hentry"],"_links":{"self":[{"href":"https:\/\/www.location-vacances-calvi.com\/de\/wp-json\/wp\/v2\/pages\/3400","targetHints":{"allow":["GET"]}}],"collection":[{"href":"https:\/\/www.location-vacances-calvi.com\/de\/wp-json\/wp\/v2\/pages"}],"about":[{"href":"https:\/\/www.location-vacances-calvi.com\/de\/wp-json\/wp\/v2\/types\/page"}],"author":[{"embeddable":true,"href":"https:\/\/www.location-vacances-calvi.com\/de\/wp-json\/wp\/v2\/users\/1"}],"replies":[{"embeddable":true,"href":"https:\/\/www.location-vacances-calvi.com\/de\/wp-json\/wp\/v2\/comments?post=3400"}],"version-history":[{"count":0,"href":"https:\/\/www.location-vacances-calvi.com\/de\/wp-json\/wp\/v2\/pages\/3400\/revisions"}],"wp:attachment":[{"href":"https:\/\/www.location-vacances-calvi.com\/de\/wp-json\/wp\/v2\/media?parent=3400"}],"curies":[{"name":"wp","href":"https:\/\/api.w.org\/{rel}","templated":true}]}}